{"id":65565,"date":"2025-10-23T23:47:21","date_gmt":"2025-10-23T21:47:21","guid":{"rendered":"https:\/\/planipets.com\/blog\/?page_id=65565"},"modified":"2026-01-26T15:20:35","modified_gmt":"2026-01-26T14:20:35","slug":"charte-editoriale","status":"publish","type":"page","link":"https:\/\/planipets.com\/blog\/media\/charte-editoriale\/","title":{"rendered":"Charte \u00e9ditoriale"},"content":{"rendered":"<div class=\"brz brz-root__container brz-reset-all brz-root__container-page\">\n<section id=\"cRzOi7ZziEOj_cRzOi7ZziEOj\" class=\"brz-section brz-css-1h05ijr brz-css-gw4qup\">\n<div class=\"brz-section__content brz-section--boxed brz-css-jgr2xz brz-css-1n7amlp\" data-brz-custom-id=\"jwxvGa9v2WMr\">\n<div class=\"brz-bg\">\n<div class=\"brz-bg-color\"><\/div>\n<\/div>\n<div class=\"brz-container brz-css-1hal17k brz-css-1da42vm\">\n<div id=\"\" class=\"brz-css-1g2aq73 brz-css-egi1st brz-css-v418ww brz-wrapper\">\n<div class=\"brz-spacer brz-css-zsj25u brz-css-1jmcp5f\"><\/div>\n<\/div>\n<div class=\"brz-row__container brz-css-1un68o1 brz-css-mxz8t3\" data-brz-custom-id=\"pjEXfujx9vYR\">\n<div class=\"brz-row brz-css-1rp0ip brz-css-17uptri brz-css-18myvps\">\n<div class=\"brz-columns brz-css-3rbixm brz-css-1tp0qox\" data-brz-custom-id=\"d7jH0DNJJCTU\">\n<div class=\"brz-column__items brz-css-cnp9b9 brz-css-2iv4op\">\n<div id=\"\" class=\"brz-css-1g2aq73 brz-css-13xiqq6 brz-wrapper\">\n<div class=\"brz-rich-text brz-rich-text__custom brz-css-1upuw5q brz-css-3e5slq\" data-brz-custom-id=\"vtxj5MiOuTji\">\n<div data-brz-translate-text=\"1\">\n<h1 class=\"brz-tp-lg-heading1 brz-css-fZiQ8\">Charte \u00e9ditoriale de Planipets M\u00e9dia<\/h1>\n<h3 class=\"brz-tp-lg-heading3 brz-css-ssXRA\">Notre engagement \u00e9ditorial<\/h3>\n<p class=\"brz-css-a7RTA\">Planipets M\u00e9dia s\u2019engage \u00e0 produire et diffuser une information ind\u00e9pendante, \u00e9thique et rigoureuse sur la relation entre humains et animaux, ainsi que sur le bien-\u00eatre du vivant.<\/p>\n<p class=\"brz-css-aO52Y\"><\/p>\n<p class=\"brz-css-f3CWq\">Chaque publication s\u2019inscrit dans une d\u00e9marche journalistique respectueuse des faits, des personnes et des institutions cit\u00e9es.<\/p>\n<p class=\"brz-css-l5UJh\"><\/p>\n<p class=\"brz-css-r2uBU\">Notre travail repose sur trois fondements : l\u2019ind\u00e9pendance, la v\u00e9rification des faits et le respect du vivant.<\/p>\n<h3 class=\"brz-tp-lg-heading3 brz-css-bvNL2\">1) Ind\u00e9pendance<\/h3>\n<p class=\"brz-css-jpv7e\">Aucun article n\u2019est dict\u00e9 par un int\u00e9r\u00eat commercial, politique ou publicitaire.<\/p>\n<p class=\"brz-css-to1Zh\"><\/p>\n<p class=\"brz-css-q0BMj\">Les contenus sont r\u00e9dig\u00e9s librement par les membres de la r\u00e9daction ou par des contributeurs ind\u00e9pendants, sous validation du comit\u00e9 \u00e9ditorial.<\/p>\n<p class=\"brz-css-a__h0\"><\/p>\n<p class=\"brz-css-q07Cc\">Toute collaboration ext\u00e9rieure (institutionnelle, associative, territoriale ou priv\u00e9e) est mentionn\u00e9e de mani\u00e8re explicite afin de garantir la transparence des partenariats et l\u2019int\u00e9grit\u00e9 des informations diffus\u00e9es.<\/p>\n<h3 class=\"brz-tp-lg-heading3 brz-css-pdwVj\">2) Exactitude et v\u00e9rification<\/h3>\n<p class=\"brz-css-h7HdW\">Les informations publi\u00e9es proviennent de sources identifi\u00e9es, v\u00e9rifiables et, lorsque n\u00e9cessaire, cit\u00e9es conform\u00e9ment aux usages journalistiques.<\/p>\n<p class=\"brz-css-aRkqi\"><\/p>\n<p class=\"brz-css-iPxH1\">Les t\u00e9moignages, donn\u00e9es et citations font l\u2019objet d\u2019une v\u00e9rification avant publication.<\/p>\n<p class=\"brz-css-wwTDu\"><\/p>\n<p class=\"brz-css-eLGgf\">Les mises \u00e0 jour ou rectifications sont indiqu\u00e9es de mani\u00e8re visible pour pr\u00e9server la fiabilit\u00e9 et la tra\u00e7abilit\u00e9 des contenus.<\/p>\n<h3 class=\"brz-tp-lg-heading3 brz-css-dZd4E\">3) Responsabilit\u00e9 et respect du vivant<\/h3>\n<p class=\"brz-css-v_pAx\">Planipets M\u00e9dia veille \u00e0 repr\u00e9senter avec justesse les animaux et les humains qui les accompagnent, sans anthropomorphisme excessif ni jugement moral.<\/p>\n<p class=\"brz-css-jJEP_\"><\/p>\n<p class=\"brz-css-x6nb_\">Les sujets sensibles \u2014 tels que le deuil, l\u2019abandon ou la maltraitance \u2014 sont abord\u00e9s avec discernement, pudeur et respect.<\/p>\n<p class=\"brz-css-bKzlY\"><\/p>\n<p class=\"brz-css-vjVbU\">Chaque contenu vise \u00e0 nourrir la compr\u00e9hension du lien humain-animal, sans exploitation \u00e9motionnelle ni simplification abusive.<\/p>\n<h3 class=\"brz-tp-lg-heading3 brz-css-vDctI\">4) Distinction entre contenus \u00e9ditoriaux et partenariats<\/h3>\n<p class=\"brz-css-wcQw0\">Les contenus issus de programmes \u00e9ducatifs, d\u2019initiatives territoriales ou de collaborations institutionnelles (par exemple le programme \u201cTerritoires Vivants\u201d) sont produits dans un cadre journalistique d\u00e9fini et ne constituent pas des publicit\u00e9s d\u00e9guis\u00e9es.<\/p>\n<p class=\"brz-css-oF9LB\"><\/p>\n<p class=\"brz-css-fv5te\">Lorsqu\u2019un partenariat \u00e9ditorial existe, il est clairement signal\u00e9 par la mention :<\/p>\n<blockquote><p><\/p><\/blockquote>\n<blockquote><p><strong>\u201cContenu r\u00e9alis\u00e9 en partenariat avec [nom de la collectivit\u00e9, de l\u2019association ou du programme].\u201d<\/strong><\/p><\/blockquote>\n<blockquote><p><\/p><\/blockquote>\n<blockquote><p><strong>Cette mention garantit au lecteur la distinction entre l\u2019information journalistique et la communication institutionnelle.<\/strong><\/p><\/blockquote>\n<blockquote><p><\/p><\/blockquote>\n<h3 class=\"brz-tp-lg-heading3 brz-css-m2khw\">5) Droit de rectification et transparence<\/h3>\n<p class=\"brz-css-oSQp5\">Toute personne ou entit\u00e9 cit\u00e9e dans un article peut exercer un droit de r\u00e9ponse ou demander une correction via le formulaire de contact officiel de Planipets M\u00e9dia.<\/p>\n<p class=\"brz-css-d2qn2\"><\/p>\n<p class=\"brz-css-kwUIR\">Les rectifications sont effectu\u00e9es avec diligence apr\u00e8s v\u00e9rification des faits.<\/p>\n<p class=\"brz-css-hXRHR\"><\/p>\n<p class=\"brz-css-rFRjB\">L\u2019\u00e9quipe s\u2019engage \u00e0 corriger toute erreur av\u00e9r\u00e9e et \u00e0 informer les lecteurs des modifications substantielles apport\u00e9es \u00e0 un article.<\/p>\n<h3 class=\"brz-tp-lg-heading3 brz-css-qT10Q\">6) Cadre l\u00e9gal et responsabilit\u00e9<\/h3>\n<p class=\"brz-css-dDBgH\">Planipets M\u00e9dia agit dans le cadre de la loi du 29 juillet 1881 sur la libert\u00e9 de la presse et de la loi du 1er ao\u00fbt 1986 relative aux publications de presse.<\/p>\n<p class=\"brz-css-xHzG_\"><\/p>\n<p class=\"brz-css-jZkBW\">L\u2019\u00e9quipe assume collectivement la responsabilit\u00e9 morale et \u00e9ditoriale de ses publications et garantit la libre expression d\u2019une information d\u2019int\u00e9r\u00eat g\u00e9n\u00e9ral autour du lien humain-animal.<\/p>\n<p class=\"brz-css-xD1oh\"><\/p>\n<p class=\"brz-tp-lg-paragraph brz-css-mWilw\" data-uniq-id=\"w7UkE\" data-generated-css=\"brz-css-bh4le\">La direction de la publication est assur\u00e9e par <strong>Lor\u00e9na Achemoukh<\/strong>.<\/p>\n<\/div>\n<\/div>\n<\/div>\n<\/div>\n<\/div>\n<\/div>\n<\/div>\n<\/div>\n<\/div>\n<\/section><\/div>\n<p><!-- version:1761495828 --><\/p>\n","protected":false},"excerpt":{"rendered":"<p>Charte \u00e9ditoriale de Planipets M\u00e9dia Notre engagement \u00e9ditorial Planipets M\u00e9dia s\u2019engage \u00e0 produire et diffuser une information ind\u00e9pendante, \u00e9thique et rigoureuse sur la relation entre humains et animaux, ainsi que sur le bien-\u00eatre du vivant. Chaque publication s\u2019inscrit dans une d\u00e9marche journalistique respectueuse des faits, des personnes et des institutions cit\u00e9es. Notre travail repose sur<\/p>\n","protected":false},"author":26,"featured_media":0,"parent":0,"menu_order":0,"comment_status":"closed","ping_status":"closed","template":"brizy-blank-template.php","meta":{"_crdt_document":"","footnotes":""},"class_list":["post-65565","page","type-page","status-publish"],"featured_image_src":null,"brizy_media":[],"_links":{"self":[{"href":"https:\/\/planipets.com\/blog\/wp-json\/wp\/v2\/pages\/65565","targetHints":{"allow":["GET"]}}],"collection":[{"href":"https:\/\/planipets.com\/blog\/wp-json\/wp\/v2\/pages"}],"about":[{"href":"https:\/\/planipets.com\/blog\/wp-json\/wp\/v2\/types\/page"}],"author":[{"embeddable":true,"href":"https:\/\/planipets.com\/blog\/wp-json\/wp\/v2\/users\/26"}],"replies":[{"embeddable":true,"href":"https:\/\/planipets.com\/blog\/wp-json\/wp\/v2\/comments?post=65565"}],"version-history":[{"count":7,"href":"https:\/\/planipets.com\/blog\/wp-json\/wp\/v2\/pages\/65565\/revisions"}],"predecessor-version":[{"id":65901,"href":"https:\/\/planipets.com\/blog\/wp-json\/wp\/v2\/pages\/65565\/revisions\/65901"}],"wp:attachment":[{"href":"https:\/\/planipets.com\/blog\/wp-json\/wp\/v2\/media?parent=65565"}],"curies":[{"name":"wp","href":"https:\/\/api.w.org\/{rel}","templated":true}]}}