{"id":65344,"date":"2025-10-23T17:36:38","date_gmt":"2025-10-23T15:36:38","guid":{"rendered":"https:\/\/planipets.com\/blog\/?page_id=65344"},"modified":"2026-01-25T16:48:14","modified_gmt":"2026-01-25T15:48:14","slug":"notre-ligne","status":"publish","type":"page","link":"https:\/\/planipets.com\/blog\/media\/notre-ligne\/","title":{"rendered":"Notre ligne"},"content":{"rendered":"<div class=\"brz brz-root__container brz-reset-all brz-root__container-page\">\n<section id=\"lS1i8ShR4lcQ_lS1i8ShR4lcQ\" class=\"brz-section brz-css-nkwa04 brz-css-1kqn947\">\n<div class=\"brz-section__content brz-section--boxed brz-css-rld4gg brz-css-wzyzh3\" data-brz-custom-id=\"n8SBLZlYzmdr\">\n<div class=\"brz-container brz-css-12ugy70 brz-css-1ty5y9w\">\n<div class=\"brz-row__container brz-css-cqkus7 brz-css-5vjxpz\" data-brz-custom-id=\"c3KyR_H9Cykw\">\n<div class=\"brz-row brz-css-tovymh brz-css-1679wgf brz-css-1yv88b4\">\n<div class=\"brz-columns brz-css-72yb4h brz-css-1x16r6j\" data-brz-custom-id=\"tBgJnqsTGeRE\">\n<div class=\"brz-column__items brz-css-1c77gyq brz-css-jdhaoo\">\n<div id=\"\" class=\"brz-css-1c7ewdj brz-css-1bf72l9 brz-wrapper\">\n<div class=\"brz-rich-text brz-rich-text__custom brz-css-j71wtf brz-css-bmtllp\" data-brz-custom-id=\"aJtx15DcusVd\">\n<div data-brz-translate-text=\"1\">\n<h2 class=\"brz-tp-lg-heading2 brz-text-lg-left brz-css-kC18k\" data-generated-css=\"brz-css-qtb4u\" data-uniq-id=\"aiwCQ\"><span class=\"brz-cp-color2\">Notre ligne<\/span><\/h2>\n<\/div>\n<\/div>\n<\/div>\n<div id=\"\" class=\"brz-css-1c7ewdj brz-css-1f6wqcd brz-wrapper\">\n<div class=\"brz-rich-text brz-rich-text__custom brz-css-j71wtf brz-css-9qpxde\" data-brz-custom-id=\"hex9xDPsimTW\">\n<div data-brz-translate-text=\"1\">\n<p class=\"brz-text-lg-left brz-tp-lg-subtitle brz-css-nY00U\" data-uniq-id=\"p1F0J\" data-generated-css=\"brz-css-kRgWE\"><strong class=\"brz-cp-color7\">Notre Objectif :<\/strong><span class=\"brz-cp-color7\"> informer, sensibiliser et valoriser le lien entre humains et animaux, dans une approche culturelle et citoyenne.<\/span><\/p>\n<p class=\"brz-text-lg-left brz-tp-lg-subtitle brz-css-fSUFy\" data-uniq-id=\"rvMqe\" data-generated-css=\"brz-css-kDxyf\"><strong class=\"brz-cp-color7\">Notre Engagement :<\/strong><span class=\"brz-cp-color7\"> ind\u00e9pendance \u00e9ditoriale, pluralit\u00e9 des points de vue, respect du vivant et bienveillance.<\/span><\/p>\n<p class=\"brz-text-lg-left brz-tp-lg-subtitle brz-css-zZ5Le\" data-uniq-id=\"aFuDr\" data-generated-css=\"brz-css-qEXXA\"><strong class=\"brz-cp-color7\">Notre R\u00e9daction :<\/strong><span class=\"brz-cp-color7\"> articles sign\u00e9s, v\u00e9rifi\u00e9s, non sponsoris\u00e9s.<\/span><\/p>\n<p class=\"brz-text-lg-left brz-tp-lg-subtitle brz-css-tIfII\" data-uniq-id=\"z3i9Q\" data-generated-css=\"brz-css-gekyd\"><\/p>\n<p class=\"brz-text-lg-left brz-tp-lg-subtitle brz-css-pBUqd\" data-uniq-id=\"n8ggd\" data-generated-css=\"brz-css-lm9jC\"><span class=\"brz-cp-color7\">Planipets M\u00e9dia s\u2019interdit toute publicit\u00e9 commerciale d\u00e9guis\u00e9e et veille \u00e0 garantir la distinction entre ses contenus journalistiques et ses actions partenaires.<\/span><\/p>\n<\/div>\n<\/div>\n<\/div>\n<div id=\"\" class=\"brz-css-1c7ewdj brz-css-b9lfez brz-css-vzpcfz brz-wrapper\">\n<div class=\"brz-spacer brz-css-dfqufx brz-css-lmru6c\"><\/div>\n<\/div>\n<\/div>\n<\/div>\n<div class=\"brz-columns brz-css-72yb4h brz-css-1hlx1c2\" data-brz-custom-id=\"iW2ssqluE9YC\">\n<div class=\"brz-column__items brz-css-1c77gyq brz-css-16vg48m\">\n<div id=\"\" class=\"brz-css-1c7ewdj brz-css-ae5ud3 brz-wrapper\">\n<div class=\"brz-image brz-css-imgq9e brz-css-1yzjteq\" data-brz-custom-id=\"q2PMIdaLf90q\"><img decoding=\"async\" class=\"brz-img\" src=\"https:\/\/planipets.com\/blog\/wp-content\/uploads\/2025\/10\/logo-planipets-media.png\" loading=\"lazy\" alt=\"logo planipets media\" title=\"logo planipets media\"><\/div>\n<\/div>\n<\/div>\n<\/div>\n<\/div>\n<\/div>\n<\/div>\n<\/div>\n<\/section><\/div>\n<p><!-- version:1761252897 --><\/p>\n","protected":false},"excerpt":{"rendered":"<p>Notre ligne Notre Objectif : informer, sensibiliser et valoriser le lien entre humains et animaux, dans une approche culturelle et citoyenne. Notre Engagement : ind\u00e9pendance \u00e9ditoriale, pluralit\u00e9 des points de vue, respect du vivant et bienveillance. Notre R\u00e9daction : articles sign\u00e9s, v\u00e9rifi\u00e9s, non sponsoris\u00e9s. Planipets M\u00e9dia s\u2019interdit toute publicit\u00e9 commerciale d\u00e9guis\u00e9e et veille \u00e0 garantir<\/p>\n","protected":false},"author":26,"featured_media":0,"parent":58464,"menu_order":0,"comment_status":"closed","ping_status":"closed","template":"brizy-blank-template.php","meta":{"_crdt_document":"","footnotes":""},"class_list":["post-65344","page","type-page","status-publish"],"featured_image_src":null,"brizy_media":[{"id":65248,"url":"https:\/\/planipets.com\/blog\/wp-content\/uploads\/2025\/10\/logo-planipets-media.png","name":"logo-planipets-media.png","meta":{"brizy_attachment_uid":"wp-46984272b971fb459e00bbc01ba4388e.png","brizy_post_uid":["9002c8ab9baee67e568d58883b964532","e26b4ea17bec8aa690b89d4426d3ea4d","e05c965cf9938326a68b6491e8a898f9","0b25a7d71d7ef80b3d25473b88845790","7658fa7b98fb45780d0ecc291d25fcce"]}}],"_links":{"self":[{"href":"https:\/\/planipets.com\/blog\/wp-json\/wp\/v2\/pages\/65344","targetHints":{"allow":["GET"]}}],"collection":[{"href":"https:\/\/planipets.com\/blog\/wp-json\/wp\/v2\/pages"}],"about":[{"href":"https:\/\/planipets.com\/blog\/wp-json\/wp\/v2\/types\/page"}],"author":[{"embeddable":true,"href":"https:\/\/planipets.com\/blog\/wp-json\/wp\/v2\/users\/26"}],"replies":[{"embeddable":true,"href":"https:\/\/planipets.com\/blog\/wp-json\/wp\/v2\/comments?post=65344"}],"version-history":[{"count":8,"href":"https:\/\/planipets.com\/blog\/wp-json\/wp\/v2\/pages\/65344\/revisions"}],"predecessor-version":[{"id":65504,"href":"https:\/\/planipets.com\/blog\/wp-json\/wp\/v2\/pages\/65344\/revisions\/65504"}],"up":[{"embeddable":true,"href":"https:\/\/planipets.com\/blog\/wp-json\/wp\/v2\/pages\/58464"}],"wp:attachment":[{"href":"https:\/\/planipets.com\/blog\/wp-json\/wp\/v2\/media?parent=65344"}],"curies":[{"name":"wp","href":"https:\/\/api.w.org\/{rel}","templated":true}]}}