{"id":65245,"date":"2025-10-23T15:04:37","date_gmt":"2025-10-23T13:04:37","guid":{"rendered":"https:\/\/planipets.com\/blog\/?page_id=65245"},"modified":"2026-01-25T02:26:53","modified_gmt":"2026-01-25T01:26:53","slug":"contact-media","status":"publish","type":"page","link":"https:\/\/planipets.com\/blog\/media\/contact-media\/","title":{"rendered":"Contacter Planipets M\u00e9dia"},"content":{"rendered":"<div class=\"brz brz-root__container brz-reset-all brz-root__container-page\">\n<section id=\"ssphtfnukeobnarxjqupealhncvbdkeqgjyc_ssphtfnukeobnarxjqupealhncvbdkeqgjyc\" class=\"brz-section brz-css-1b7b0m8 brz-css-1tmwuyf\">\n<div class=\"brz-section__content brz-section--boxed brz-css-1a0v1bb brz-css-1vbhord\" data-brz-custom-id=\"xlrkbamvptvcmcjypfrrwaufyzpwlpswncen\">\n<div class=\"brz-bg\">\n<div class=\"brz-bg-color\"><\/div>\n<\/div>\n<div class=\"brz-container brz-css-zatmp9 brz-css-1as7ofk\">\n<div id=\"\" class=\"brz-css-cnnzqe brz-css-1pe3nl1 brz-wrapper\">\n<div class=\"brz-rich-text brz-rich-text__custom brz-css-6bpwid brz-css-1k16nu1\" data-brz-custom-id=\"qjucxgcbreqexwemxlpitkbpdxlkghqoeyyl\">\n<div data-brz-translate-text=\"1\">\n<h1 class=\"brz-text-lg-center brz-tp-lg-heading1 brz-css-cdx23\" data-uniq-id=\"iWllu\" data-generated-css=\"brz-css-xoE9Q\"><span class=\"brz-cp-color2\">Contactez Planipets M\u00e9dia<\/span><\/h1>\n<\/div>\n<\/div>\n<\/div>\n<div class=\"brz-row__container brz-css-2e7t58 brz-css-1mgr089\" data-brz-custom-id=\"snzsubvatiilmkjljxhojlvscyjeokgftgxm\">\n<div class=\"brz-row brz-css-79iptn brz-css-1i87z9o brz-css-1v2ocv7\">\n<div class=\"brz-columns brz-css-glwfrz brz-css-t7t4s7\" data-brz-custom-id=\"uygahomiklqoxzclrdylawqptivizhtftekm\">\n<div class=\"brz-column__items brz-css-r46vgl brz-css-1yke7f9\">\n<div id=\"\" class=\"brz-css-cnnzqe brz-css-hpimxf brz-wrapper\">\n<div data-brz-form-version=\"2\" class=\"brz-forms2 brz-css-mcm6xg brz-css-1b3i7vf\" data-brz-custom-id=\"tfnpszrmkfhwykzhxhhzcontjxbwyrpnjcrd\">\n<div data-brz-translate-text=\"1\" class=\"brz-forms2__item brz-css-1mhbnq5 brz-css-1pzef2q brz-css-pn549f brz-css-f6h0ru\"><\/div>\n<div data-brz-translate-text=\"1\" class=\"brz-forms2__item brz-css-1mhbnq5 brz-css-1pzef2q brz-css-pn549f brz-css-1xmex8l\"><\/div>\n<div data-brz-translate-text=\"1\" class=\"brz-forms2__item brz-css-1mhbnq5 brz-css-1pzef2q brz-css-pn549f brz-css-10dy2di\"><\/div>\n<div data-brz-translate-text=\"1\" class=\"brz-forms2__item brz-css-1mhbnq5 brz-css-1pzef2q brz-css-pn549f brz-css-xtgh7j\">\n<div class=\"brz-forms2__field brz-forms2__field-select brz-css-1imrv3s brz-css-prw2an\">Vous \u00eates*Humain d&rsquo;animauxProfessionnel du bien-\u00eatre animalPresse \/ Partenaire<\/div>\n<\/div>\n<div data-brz-translate-text=\"1\" class=\"brz-forms2__item brz-css-1mhbnq5 brz-css-1pzef2q brz-css-pn549f brz-css-mlk8x\"><textarea id=\"x86EEZcLmsvG_97fd5dcdd9730a150480\" name=\"abpitljqwwopicvhmynshnavnznnklmknmqj\" data-brz-type=\"Paragraph\" data-brz-label=\"Message*\" data-brz-placeholder=\"Message*\" class=\"brz-textarea brz-forms2__field brz-forms2__field-paragraph\"><\/textarea><\/div>\n<div class=\"brz-forms2 brz-forms2__item brz-forms2__item-button\" data-brz-custom-id=\"tfnpszrmkfhwykzhxhhzcontjxbwyrpnjcrd\"><button class=\"brz-btn brz-btn-submit brz-css-7va5zz brz-css-g5f6hm\" data-brz-custom-id=\"mmyrhjjfikmxopyxgfoaespwmdtfxvhxgpfj\"><span data-brz-translate-text=\"1\" class=\"brz-span brz-text__editor\">Envoyer<\/span><\/button><\/div>\n<div class=\"brz-g-recaptcha\" data-sitekey=\"\" data-size=\"invisible\" data-callback=\"brzFormV2Captcha\"><\/div>\n<\/div>\n<\/div>\n<div id=\"\" class=\"brz-css-cnnzqe brz-css-15fwjgg brz-wrapper\">\n<div class=\"brz-rich-text brz-rich-text__custom brz-css-6bpwid brz-css-12ytc41\" data-brz-custom-id=\"tA33KRzBBT9v\">\n<div data-brz-translate-text=\"1\">\n<p class=\"brz-fsft-lg-0 brz-fwdth-lg-100 brz-vfw-lg-400 brz-lh-lg-1_9 brz-ls-lg-0 brz-fw-lg-400 brz-fss-lg-px brz-fs-lg-13 brz-ft-google brz-ff-overpass brz-tp-lg-empty brz-css-ndSC6\" data-uniq-id=\"dcXw9\" data-generated-css=\"brz-css-bNXdy\"><strong class=\"brz-cp-color7\">Protection des donn\u00e9es personnelles<\/strong><\/p>\n<p class=\"brz-fsft-lg-0 brz-fwdth-lg-100 brz-vfw-lg-400 brz-lh-lg-1_9 brz-ls-lg-0 brz-fw-lg-400 brz-fss-lg-px brz-fs-lg-13 brz-ft-google brz-ff-overpass brz-tp-lg-empty brz-css-b5FXv\" data-uniq-id=\"obSL9\" data-generated-css=\"brz-css-waF4P\"><\/p>\n<p class=\"brz-fsft-lg-0 brz-fwdth-lg-100 brz-vfw-lg-400 brz-lh-lg-1_9 brz-ls-lg-0 brz-fw-lg-400 brz-fss-lg-px brz-fs-lg-13 brz-ft-google brz-ff-overpass brz-tp-lg-empty brz-css-iC1v2\" data-uniq-id=\"zZpEh\" data-generated-css=\"brz-css-dHgFS\"><span class=\"brz-cp-color7\">Les informations transmises via ce formulaire sont trait\u00e9es par l\u2019association Planipets M\u00e9dia, responsable du traitement, afin de r\u00e9pondre \u00e0 votre message ou \u00e0 votre demande d\u2019information.<\/span><\/p>\n<p class=\"brz-fsft-lg-0 brz-fwdth-lg-100 brz-vfw-lg-400 brz-lh-lg-1_9 brz-ls-lg-0 brz-fw-lg-400 brz-fss-lg-px brz-fs-lg-13 brz-ft-google brz-ff-overpass brz-tp-lg-empty brz-css-pVQVN\" data-uniq-id=\"dOw8w\" data-generated-css=\"brz-css-iKNeN\"><span class=\"brz-cp-color7\">Ces donn\u00e9es ne sont ni c\u00e9d\u00e9es, ni utilis\u00e9es \u00e0 des fins commerciales.<\/span><\/p>\n<p class=\"brz-fsft-lg-0 brz-fwdth-lg-100 brz-vfw-lg-400 brz-lh-lg-1_9 brz-ls-lg-0 brz-fw-lg-400 brz-fss-lg-px brz-fs-lg-13 brz-ft-google brz-ff-overpass brz-tp-lg-empty brz-css-gHPQr\" data-uniq-id=\"yOX7Z\" data-generated-css=\"brz-css-l4PeJ\"><\/p>\n<p class=\"brz-fsft-lg-0 brz-fwdth-lg-100 brz-vfw-lg-400 brz-lh-lg-1_9 brz-ls-lg-0 brz-fw-lg-400 brz-fss-lg-px brz-fs-lg-13 brz-ft-google brz-ff-overpass brz-tp-lg-empty brz-css-nvTDk\" data-uniq-id=\"t1OJp\" data-generated-css=\"brz-css-xMfUL\"><span class=\"brz-cp-color7\">Elles peuvent \u00eatre conserv\u00e9es dans la messagerie du m\u00e9dia pendant le suivi de l\u2019\u00e9change ou \u00e0 des fins d\u2019archivage interne limit\u00e9es.<\/span><\/p>\n<p class=\"brz-fsft-lg-0 brz-fwdth-lg-100 brz-vfw-lg-400 brz-lh-lg-1_9 brz-ls-lg-0 brz-fw-lg-400 brz-fss-lg-px brz-fs-lg-13 brz-ft-google brz-ff-overpass brz-tp-lg-empty brz-css-rhkmx\" data-uniq-id=\"vrxUK\" data-generated-css=\"brz-css-xLT1Z\"><span class=\"brz-cp-color7\">Conform\u00e9ment au R\u00e8glement (UE) 2016\/679 dit RGPD et \u00e0 la loi \u201cInformatique et Libert\u00e9s\u201d, vous pouvez \u00e0 tout moment exercer vos droits d\u2019acc\u00e8s, de rectification, d\u2019opposition ou de suppression de vos donn\u00e9es en \u00e9crivant \u00e0 :  mediaplanipets@gmail.com<\/span><\/p>\n<\/div>\n<\/div>\n<\/div>\n<\/div>\n<\/div>\n<div class=\"brz-columns brz-css-glwfrz brz-css-3ib77k\" data-brz-custom-id=\"rujhdjigbdifivyzcyuywsqdcoezsusedgvi\">\n<div class=\"brz-bg\">\n<div class=\"brz-bg-color\"><\/div>\n<\/div>\n<div class=\"brz-column__items brz-css-r46vgl brz-css-6eveq9\">\n<div id=\"\" class=\"brz-css-cnnzqe brz-css-rzrwjd brz-wrapper\">\n<div class=\"brz-rich-text brz-rich-text__custom brz-css-6bpwid brz-css-1cmmupd\" data-brz-custom-id=\"thzapidzveoeyurrjixixcyoxartberdkonc\">\n<div data-brz-translate-text=\"1\">\n<p class=\"brz-text-lg-center brz-tp-lg-abovetitle brz-css-qAGeN\" data-uniq-id=\"tHuxv\" data-generated-css=\"brz-css-afsVd\"><\/p>\n<\/div>\n<\/div>\n<\/div>\n<div id=\"\" class=\"brz-css-cnnzqe brz-css-zex3g5 brz-wrapper\">\n<div class=\"brz-image brz-css-rb4oag brz-css-vmvx3f\" data-brz-custom-id=\"ltjwbxrzjaavcblccprkbqxwwqmrggsnigyx\"><img decoding=\"async\" class=\"brz-img\" src=\"https:\/\/planipets.com\/blog\/wp-content\/uploads\/2025\/10\/logo-planipets-media.png\" loading=\"lazy\" alt=\"logo planipets media\" title=\"logo planipets media\"><\/div>\n<\/div>\n<div id=\"\" class=\"brz-css-cnnzqe brz-css-1sswgc2 brz-wrapper\">\n<div class=\"brz-rich-text brz-rich-text__custom brz-css-6bpwid brz-css-197gtzs\" data-brz-custom-id=\"qqhyhjnbqwhkdbkowboicbfhcsbykiuherch\">\n<div data-brz-translate-text=\"1\">\n<p class=\"brz-text-lg-center brz-bcp-color7 brz-tp-lg-paragraph brz-css-e20zD\" data-generated-css=\"brz-css-tDLx6\" data-uniq-id=\"nQq0h\">Planipets M\u00e9dia est \u00e9dit\u00e9 de mani\u00e8re ind\u00e9pendante. Ses activit\u00e9s journalistiques sont distinctes des services propos\u00e9s par la plateforme Planipets Pro.<\/p>\n<p class=\"brz-text-lg-center brz-bcp-color7 brz-tp-lg-paragraph brz-css-yv67m\" data-generated-css=\"brz-css-tDLx6\" data-uniq-id=\"nQq0h\">Contactez le m\u00e9dia : planipets.com\/blog\/contact-media<\/p>\n<p class=\"brz-text-lg-center brz-bcp-color7 brz-tp-lg-paragraph brz-css-gzkHH\" data-generated-css=\"brz-css-tDLx6\" data-uniq-id=\"nQq0h\"><\/p>\n<\/div>\n<\/div>\n<\/div>\n<div id=\"\" class=\"brz-css-cnnzqe brz-css-1px68mz brz-wrapper\">\n<div class=\"brz-rich-text brz-rich-text__custom brz-css-6bpwid brz-css-1bopeqd\" data-brz-custom-id=\"gbvdsykjhsznryazxlygwibubytqtilgmkqt\">\n<div data-brz-translate-text=\"1\">\n<h6 class=\"brz-tp-lg-heading6 brz-css-pwZ4b\" data-uniq-id=\"xkjtb\" data-generated-css=\"brz-css-wvnhb\"><\/h6>\n<\/div>\n<\/div>\n<\/div>\n<div id=\"\" class=\"brz-css-cnnzqe brz-css-1wnqcwa brz-wrapper\">\n<div class=\"brz-rich-text brz-rich-text__custom brz-css-6bpwid brz-css-w74n5j\" data-brz-custom-id=\"rycoyiurwgsqfeexkfomcvbxklrzklokvlcj\">\n<div data-brz-translate-text=\"1\">\n<h6 class=\"brz-tp-lg-heading6 brz-css-e0vcS\" data-uniq-id=\"onnow\" data-generated-css=\"brz-css-ydhrd\"><\/h6>\n<\/div>\n<\/div>\n<\/div>\n<\/div>\n<\/div>\n<\/div>\n<\/div>\n<\/div>\n<\/div>\n<\/section><\/div>\n<p><!-- version:1761885783 --><\/p>\n","protected":false},"excerpt":{"rendered":"<p>Contactez Planipets M\u00e9dia Vous \u00eates*Humain d&rsquo;animauxProfessionnel du bien-\u00eatre animalPresse \/ Partenaire Envoyer Protection des donn\u00e9es personnelles Les informations transmises via ce formulaire sont trait\u00e9es par l\u2019association Planipets M\u00e9dia, responsable du traitement, afin de r\u00e9pondre \u00e0 votre message ou \u00e0 votre demande d\u2019information. Ces donn\u00e9es ne sont ni c\u00e9d\u00e9es, ni utilis\u00e9es \u00e0 des fins commerciales. Elles<\/p>\n","protected":false},"author":26,"featured_media":0,"parent":58464,"menu_order":0,"comment_status":"closed","ping_status":"closed","template":"brizy-blank-template.php","meta":{"_crdt_document":"","footnotes":""},"class_list":["post-65245","page","type-page","status-publish"],"featured_image_src":null,"brizy_media":[{"id":2003,"url":"https:\/\/planipets.com\/blog\/wp-content\/uploads\/2023\/03\/cropped-logo-planipets-trans.png","name":"cropped-logo-planipets-trans.png","meta":{"brizy_attachment_uid":"wp-75e94b2e7d0761f719acf53734f4a03b.png","brizy_post_uid":["e2f8062469d94f5c5759c355cadbbff0","9002c8ab9baee67e568d58883b964532","e05c965cf9938326a68b6491e8a898f9","a5f573773da5e05d5690aa56b5557129"]}},{"id":2446,"url":"https:\/\/planipets.com\/blog\/wp-content\/uploads\/2023\/03\/Sans-titre-25.png","name":"Sans-titre-25.png","meta":{"brizy_attachment_uid":"wp-84d856441b7dee9e4f0f0aeba2b16664.png","brizy_post_uid":["9002c8ab9baee67e568d58883b964532"]}},{"id":65248,"url":"https:\/\/planipets.com\/blog\/wp-content\/uploads\/2025\/10\/logo-planipets-media.png","name":"logo-planipets-media.png","meta":{"brizy_attachment_uid":"wp-46984272b971fb459e00bbc01ba4388e.png","brizy_post_uid":["9002c8ab9baee67e568d58883b964532","e26b4ea17bec8aa690b89d4426d3ea4d","e05c965cf9938326a68b6491e8a898f9","0b25a7d71d7ef80b3d25473b88845790","7658fa7b98fb45780d0ecc291d25fcce"]}}],"_links":{"self":[{"href":"https:\/\/planipets.com\/blog\/wp-json\/wp\/v2\/pages\/65245","targetHints":{"allow":["GET"]}}],"collection":[{"href":"https:\/\/planipets.com\/blog\/wp-json\/wp\/v2\/pages"}],"about":[{"href":"https:\/\/planipets.com\/blog\/wp-json\/wp\/v2\/types\/page"}],"author":[{"embeddable":true,"href":"https:\/\/planipets.com\/blog\/wp-json\/wp\/v2\/users\/26"}],"replies":[{"embeddable":true,"href":"https:\/\/planipets.com\/blog\/wp-json\/wp\/v2\/comments?post=65245"}],"version-history":[{"count":9,"href":"https:\/\/planipets.com\/blog\/wp-json\/wp\/v2\/pages\/65245\/revisions"}],"predecessor-version":[{"id":66244,"href":"https:\/\/planipets.com\/blog\/wp-json\/wp\/v2\/pages\/65245\/revisions\/66244"}],"up":[{"embeddable":true,"href":"https:\/\/planipets.com\/blog\/wp-json\/wp\/v2\/pages\/58464"}],"wp:attachment":[{"href":"https:\/\/planipets.com\/blog\/wp-json\/wp\/v2\/media?parent=65245"}],"curies":[{"name":"wp","href":"https:\/\/api.w.org\/{rel}","templated":true}]}}