{"id":62956,"date":"2025-08-22T21:45:13","date_gmt":"2025-08-22T20:45:13","guid":{"rendered":"https:\/\/planipets.com\/blog\/?page_id=62956"},"modified":"2026-01-24T10:57:46","modified_gmt":"2026-01-24T09:57:46","slug":"et-si-vous-regardiez-votre-chien-avec-ses-yeux-a-lui","status":"publish","type":"page","link":"https:\/\/planipets.com\/blog\/et-si-vous-regardiez-votre-chien-avec-ses-yeux-a-lui\/","title":{"rendered":"Et si vous regardiez votre chien avec ses yeux \u00e0 lui ?"},"content":{"rendered":"<div class=\"brz brz-root__container brz-reset-all brz-root__container-page\">\n<section id=\"wL91pQkp77ji_wL91pQkp77ji\" class=\"brz-section brz-css-1j4fg7f brz-css-jje0gj\">\n<div class=\"brz-section__content brz-section--boxed brz-css-dom3z8 brz-css-138g56q\" data-brz-custom-id=\"gPyuLMRE0H6P\">\n<div class=\"brz-bg\">\n<div class=\"brz-bg-image\"><\/div>\n<div class=\"brz-bg-color\"><\/div>\n<\/div>\n<div class=\"brz-container brz-css-1po5tog brz-css-1d2nukl\">\n<div id=\"\" class=\"brz-css-9o83xr brz-css-nwc9zk brz-css-1buaum8 brz-wrapper\">\n<div class=\"brz-spacer brz-css-15aq1zp brz-css-555gfg\"><\/div>\n<\/div>\n<div class=\"brz-row__container brz-css-19pa6ve brz-css-rynkqt\" data-brz-custom-id=\"bpXNyRwcYaCy\">\n<div class=\"brz-row brz-css-tkhme brz-css-8k8v08\">\n<div class=\"brz-columns brz-css-1x6bxbw brz-css-12fci2b\" data-brz-custom-id=\"aCiGZiBeFBiH\">\n<div class=\"brz-column__items brz-css-1hp638r brz-css-1yt1gno\">\n<div id=\"\" class=\"brz-css-9o83xr brz-css-1mosde7 brz-wrapper\">\n<div class=\"brz-rich-text brz-rich-text__custom brz-css-l5qzw3 brz-css-1b23yr0\" data-brz-custom-id=\"vZlCVpLeC9Sa\">\n<div data-brz-translate-text=\"1\">\n<p class=\"brz-tp-lg-paragraph brz-css-p05NC\" data-uniq-id=\"x4CY9\" data-generated-css=\"brz-css-bx44D\"><span class=\"brz-cp-color7\">Un outil propos\u00e9 par Planipets, en collaboration avec Planipets M\u00e9dia.<\/span><\/p>\n<\/div>\n<\/div>\n<\/div>\n<div id=\"\" class=\"brz-css-9o83xr brz-css-y7byc6 brz-wrapper\">\n<div class=\"brz-embed-code brz-css-1wedim5 brz-css-9khuiq\" data-brz-custom-id=\"pGxWalnrPiLz\">\n<div class=\"brz-embed-content\">\n<div>\n<div class=\"interact_responsive_padding\" style=\"padding:312.5% 0 0 0;position:relative;margin-bottom:5px\">\n<div class=\"interact_responsive_wrapper\" style=\"height:100%;left:0;position:absolute;top:0;width:100%\"><\/div>\n<\/div>\n<\/div>\n<\/div>\n<\/div>\n<\/div>\n<div id=\"\" class=\"brz-css-9o83xr brz-css-8blt5v brz-wrapper\">\n<div class=\"brz-rich-text brz-rich-text__custom brz-css-l5qzw3 brz-css-d4nff4\" data-brz-custom-id=\"kNCVelabysI8\">\n<div data-brz-translate-text=\"1\">\n<p class=\"brz-tp-lg-paragraph brz-css-lt2V3\" data-generated-css=\"brz-css-u8zT3\" data-uniq-id=\"iMgd8\"><span class=\"brz-cp-color7\">Certains contenus associ\u00e9s \u00e0 ce quiz peuvent provenir de Planipets M\u00e9dia. Ce quiz est \u00e9dit\u00e9 et g\u00e9r\u00e9 par Planipets (EI Nasser Ali Said), responsable du traitement des donn\u00e9es conform\u00e9ment \u00e0 la r\u00e9glementation en vigueur.<\/span><\/p>\n<\/div>\n<\/div>\n<\/div>\n<\/div>\n<\/div>\n<\/div>\n<\/div>\n<\/div>\n<\/div>\n<\/section><\/div>\n<p><!-- version:1762679199 --><\/p>\n","protected":false},"excerpt":{"rendered":"<p>Un outil propos\u00e9 par Planipets, en collaboration avec Planipets M\u00e9dia. Certains contenus associ\u00e9s \u00e0 ce quiz peuvent provenir de Planipets M\u00e9dia. Ce quiz est \u00e9dit\u00e9 et g\u00e9r\u00e9 par Planipets (EI Nasser Ali Said), responsable du traitement des donn\u00e9es conform\u00e9ment \u00e0 la r\u00e9glementation en vigueur.<\/p>\n","protected":false},"author":26,"featured_media":0,"parent":0,"menu_order":0,"comment_status":"closed","ping_status":"closed","template":"brizy-blank-template.php","meta":{"_crdt_document":"","footnotes":""},"class_list":["post-62956","page","type-page","status-publish"],"featured_image_src":null,"brizy_media":[],"_links":{"self":[{"href":"https:\/\/planipets.com\/blog\/wp-json\/wp\/v2\/pages\/62956","targetHints":{"allow":["GET"]}}],"collection":[{"href":"https:\/\/planipets.com\/blog\/wp-json\/wp\/v2\/pages"}],"about":[{"href":"https:\/\/planipets.com\/blog\/wp-json\/wp\/v2\/types\/page"}],"author":[{"embeddable":true,"href":"https:\/\/planipets.com\/blog\/wp-json\/wp\/v2\/users\/26"}],"replies":[{"embeddable":true,"href":"https:\/\/planipets.com\/blog\/wp-json\/wp\/v2\/comments?post=62956"}],"version-history":[{"count":19,"href":"https:\/\/planipets.com\/blog\/wp-json\/wp\/v2\/pages\/62956\/revisions"}],"predecessor-version":[{"id":66762,"href":"https:\/\/planipets.com\/blog\/wp-json\/wp\/v2\/pages\/62956\/revisions\/66762"}],"wp:attachment":[{"href":"https:\/\/planipets.com\/blog\/wp-json\/wp\/v2\/media?parent=62956"}],"curies":[{"name":"wp","href":"https:\/\/api.w.org\/{rel}","templated":true}]}}