{"id":1898,"date":"2023-03-04T07:39:11","date_gmt":"2023-03-04T07:39:11","guid":{"rendered":"https:\/\/planipets.com\/blog\/?page_id=1898"},"modified":"2026-01-24T16:53:10","modified_gmt":"2026-01-24T15:53:10","slug":"contact","status":"publish","type":"page","link":"https:\/\/planipets.com\/blog\/contact\/","title":{"rendered":"contact"},"content":{"rendered":"<div class=\"brz-root__container brz-reset-all brz brz-root__container-page\">\n<section id=\"8070467b91ab5bb4defd_ssphtfnukeobnarxjqupealhncvbdkeqgjyc\" class=\"brz-section brz-css-6mqvqp\">\n<div class=\"brz-section__content brz-section--boxed brz-css-18wv9ut brz-css-q8rezd\" data-brz-custom-id=\"xlrkbamvptvcmcjypfrrwaufyzpwlpswncen\">\n<div class=\"brz-bg\">\n<div class=\"brz-bg-color\"><\/div>\n<\/div>\n<div class=\"brz-container brz-css-zatmp9 brz-css-pp40p5\">\n<div id=\"\" class=\"brz-css-cnnzqe brz-wrapper\">\n<div class=\"brz-rich-text brz-rich-text__custom brz-css-6bpwid\" data-brz-custom-id=\"qjucxgcbreqexwemxlpitkbpdxlkghqoeyyl\">\n<div data-brz-translate-text=\"1\">\n<h1 class=\"brz-tp-lg-heading1 brz-text-lg-center brz-css-snaC7\" data-generated-css=\"brz-css-uuiuo\" data-uniq-id=\"wwkwo\"><span class=\"brz-cp-color2\">Contactez-nous<\/span><\/h1>\n<\/div>\n<\/div>\n<\/div>\n<div class=\"brz-row__container brz-css-xstahr\" data-brz-custom-id=\"snzsubvatiilmkjljxhojlvscyjeokgftgxm\">\n<div class=\"brz-bg\"><\/div>\n<div class=\"brz-row brz-css-79iptn brz-css-1i87z9o\">\n<div class=\"brz-columns brz-css-52mqwt brz-css-ozapuf\" data-brz-custom-id=\"uygahomiklqoxzclrdylawqptivizhtftekm\">\n<div class=\"brz-bg\"><\/div>\n<div class=\"brz-column__items brz-css-s9w54d\">\n<div id=\"\" class=\"brz-css-cnnzqe brz-wrapper\">\n<div data-brz-form-version=\"2\" class=\"brz-forms2 brz-css-1ggdvlw brz-css-1meeuj5\" data-brz-custom-id=\"tfnpszrmkfhwykzhxhhzcontjxbwyrpnjcrd\">\n<div data-brz-translate-text=\"1\" class=\"brz-forms2__item brz-css-osm68m brz-css-jeirxv brz-css-1b9z0v4\"><\/div>\n<div data-brz-translate-text=\"1\" class=\"brz-forms2__item brz-css-osm68m brz-css-jeirxv brz-css-1b9z0v4\"><\/div>\n<div data-brz-translate-text=\"1\" class=\"brz-forms2__item brz-css-osm68m brz-css-jeirxv brz-css-1b9z0v4\"><\/div>\n<div data-brz-translate-text=\"1\" class=\"brz-forms2__item brz-css-osm68m brz-css-jeirxv brz-css-1b9z0v4\">\n<div class=\"brz-forms2__field brz-forms2__field-select brz-css-14n6x0s brz-css-1c3hjak\">Vous \u00eates*Humain d&rsquo;animauxProfessionnel du bien-\u00eatre animalPresse \/ Partenaire<\/div>\n<\/div>\n<div data-brz-translate-text=\"1\" class=\"brz-forms2__item brz-css-osm68m brz-css-jeirxv brz-css-1b9z0v4 brz-css-162ff7u\"><textarea id=\"yY5V0Oqib4eX_324804b57c1ba77466d4\" name=\"abpitljqwwopicvhmynshnavnznnklmknmqj\" data-brz-type=\"Paragraph\" data-brz-label=\"Message*\" data-brz-placeholder=\"Message*\" class=\"brz-textarea brz-forms2__field brz-forms2__field-paragraph\"><\/textarea><\/div>\n<div class=\"brz-forms2 brz-forms2__item brz-forms2__item-button\" data-brz-custom-id=\"tfnpszrmkfhwykzhxhhzcontjxbwyrpnjcrd\"><button class=\"brz-btn brz-btn-submit brz-css-6fqdnm brz-css-17nz8rx\" data-brz-custom-id=\"mmyrhjjfikmxopyxgfoaespwmdtfxvhxgpfj\"><span data-brz-translate-text=\"1\" class=\"brz-span brz-text__editor\">Envoyer<\/span><\/button><\/div>\n<div class=\"brz-g-recaptcha\" data-sitekey=\"\" data-size=\"invisible\" data-callback=\"brzFormV2Captcha\"><\/div>\n<\/div>\n<\/div>\n<\/div>\n<\/div>\n<div class=\"brz-columns brz-css-52mqwt brz-css-js49cp\" data-brz-custom-id=\"rujhdjigbdifivyzcyuywsqdcoezsusedgvi\">\n<div class=\"brz-bg\">\n<div class=\"brz-bg-color\"><\/div>\n<\/div>\n<div class=\"brz-column__items brz-css-s9w54d brz-css-1ss5049\">\n<div id=\"\" class=\"brz-css-cnnzqe brz-css-g4137x brz-wrapper\">\n<div class=\"brz-rich-text brz-rich-text__custom brz-css-6bpwid\" data-brz-custom-id=\"thzapidzveoeyurrjixixcyoxartberdkonc\">\n<div data-brz-translate-text=\"1\">\n<p data-generated-css=\"brz-css-enjfk\" data-uniq-id=\"hnxjd\" class=\"brz-tp-lg-abovetitle brz-text-lg-center brz-css-nbevi\">Des animaux toujours \u00e0 l&rsquo;heure <\/p>\n<p data-generated-css=\"brz-css-enjfk\" data-uniq-id=\"hnxjd\" class=\"brz-tp-lg-abovetitle brz-text-lg-center brz-css-qLRpE\">gr\u00e2ce \u00e0 Planipets<\/p>\n<\/div>\n<\/div>\n<\/div>\n<div id=\"\" class=\"brz-css-cnnzqe brz-wrapper\">\n<div class=\"brz-image brz-css-dop38\" data-brz-custom-id=\"ltjwbxrzjaavcblccprkbqxwwqmrggsnigyx\"><img decoding=\"async\" class=\"brz-img\" src=\"https:\/\/planipets.com\/blog\/wp-content\/uploads\/brizy\/imgs\/cropped-logo-planipets-trans-358x358x0x50x358x258x1737466747.png\" alt=\"\" loading=\"lazy\" title=\"\"><\/div>\n<\/div>\n<div id=\"\" class=\"brz-css-cnnzqe brz-wrapper\">\n<div class=\"brz-rich-text brz-rich-text__custom brz-css-6bpwid\" data-brz-custom-id=\"qqhyhjnbqwhkdbkowboicbfhcsbykiuherch\">\n<div data-brz-translate-text=\"1\">\n<p class=\"brz-tp-lg-paragraph brz-bcp-color7 brz-text-lg-center brz-css-eAhyY\" data-uniq-id=\"gyt2J\" data-generated-css=\"brz-css-kukDo\"><span class=\"brz-cp-color7\">Planipets est une plateforme de r\u00e9servations de rendez-vous principalement pour le bien-\u00eatre des animaux. <\/span><\/p>\n<p class=\"brz-tp-lg-paragraph brz-bcp-color7 brz-text-lg-center brz-css-hgSRE\" data-uniq-id=\"u86nC\" data-generated-css=\"brz-css-guCJB\"><span class=\"brz-cp-color7\">  <\/span><\/p>\n<p class=\"brz-tp-lg-paragraph brz-bcp-color7 brz-text-lg-center brz-css-deHJT\" data-uniq-id=\"tgONw\" data-generated-css=\"brz-css-aEnwb\"><span class=\"brz-cp-color7\">Et pour les professionnels du bien-\u00eatre des animaux, Planipets est un logiciel de gestion animali\u00e8re, de r\u00e9f\u00e9rencement naturel et d&rsquo;optimisation des r\u00e9seaux sociaux. <\/span><\/p>\n<p class=\"brz-tp-lg-paragraph brz-bcp-color7 brz-text-lg-center brz-css-h4bBd\" data-uniq-id=\"dC2Hw\" data-generated-css=\"brz-css-fkXyI\"><a class=\"link--external brz-cp-color7\" href=\"https:\/\/docs.google.com\/forms\/d\/e\/1FAIpQLSf3CfKltyCKP6scxRvlrCAaNaYt8c6Qz6K9DxQaBJugsYYpdA\/viewform\" data-brz-link-type=\"external\" target=\"_blank\" rel=\"noopener\">Cliquez ici pour demander une d\u00e9mo<\/a><\/p>\n<\/div>\n<\/div>\n<\/div>\n<div id=\"\" class=\"brz-css-cnnzqe brz-wrapper\">\n<div class=\"brz-rich-text brz-rich-text__custom brz-css-6bpwid\" data-brz-custom-id=\"gbvdsykjhsznryazxlygwibubytqtilgmkqt\">\n<div data-brz-translate-text=\"1\">\n<h6 class=\"brz-tp-lg-heading6 brz-css-bYSoD\" data-uniq-id=\"xkjtb\" data-generated-css=\"brz-css-wvnhb\"><\/h6>\n<\/div>\n<\/div>\n<\/div>\n<div id=\"\" class=\"brz-css-cnnzqe brz-css-12op4d6 brz-wrapper\">\n<div class=\"brz-rich-text brz-rich-text__custom brz-css-6bpwid\" data-brz-custom-id=\"rycoyiurwgsqfeexkfomcvbxklrzklokvlcj\">\n<div data-brz-translate-text=\"1\">\n<h6 class=\"brz-tp-lg-heading6 brz-css-b6xnB\" data-uniq-id=\"onnow\" data-generated-css=\"brz-css-ydhrd\"><\/h6>\n<\/div>\n<\/div>\n<\/div>\n<\/div>\n<\/div>\n<\/div>\n<\/div>\n<\/div>\n<\/div>\n<\/section>\n<section id=\"ddf61c23c3af957840c5_vwzkpwyafhivqsxuzkroqvivxafbpoymbzwp\" class=\"brz-section brz-css-6mqvqp\">\n<div class=\"brz-section__content brz-section--boxed brz-css-18wv9ut brz-css-1dkv4w9\" data-brz-custom-id=\"tbccyjntzdhtvvtdpcytbtnkggrchdqbalty\">\n<div class=\"brz-bg\">\n<div class=\"brz-bg-image\"><\/div>\n<div class=\"brz-bg-color\"><\/div>\n<\/div>\n<div class=\"brz-container brz-css-zatmp9\">\n<div id=\"\" class=\"brz-css-cnnzqe brz-css-n3ccoc brz-wrapper\">\n<div class=\"brz-rich-text brz-rich-text__custom brz-css-6bpwid\" data-brz-custom-id=\"ftkmzszuqckazvqvcpqzcacmcsrxfzfvkinx\">\n<div data-brz-translate-text=\"1\">\n<p class=\"brz-text-lg-center brz-tp-lg-heading2 brz-css-iBxh9\" data-generated-css=\"brz-css-lnurf\" data-uniq-id=\"kelsp\"><span class=\"brz-cp-color8\">L&rsquo;aventure Planipets, avec vous <\/span><\/p>\n<\/div>\n<\/div>\n<\/div>\n<\/div>\n<\/div>\n<\/section>\n<footer id=\"b153c98040b8f55bde63_akijtwzpgrwddpaepigwnsyieyhubgcynpta\" class=\"brz-footer brz-css-1q411e2 brz-css-12ph1es\" data-brz-custom-id=\"akijtwzpgrwddpaepigwnsyieyhubgcynpta\">\n<div class=\"brz-bg\">\n<div class=\"brz-bg-color\"><\/div>\n<\/div>\n<div class=\"brz-container brz-css-1xgloci\">\n<div class=\"brz-row__container brz-css-xstahr\" data-brz-custom-id=\"yyzndmnirhdtsakwubhrdfotzpbnnvlpddut\">\n<div class=\"brz-bg\"><\/div>\n<div class=\"brz-row brz-css-79iptn brz-css-192duju\">\n<div class=\"brz-columns brz-css-52mqwt brz-css-wouus8\" data-brz-custom-id=\"ypeehkocbjjeckavhiawgbvgyfhmbakpuqds\">\n<div class=\"brz-bg\"><\/div>\n<div class=\"brz-column__items brz-css-s9w54d brz-css-3jh180\">\n<div class=\"brz-wrapper-clone brz-css-pjbmje\">\n<div class=\"brz-d-xs-flex brz-flex-xs-wrap brz-css-dbc39h brz-css-dejpk9\" data-brz-custom-id=\"\">\n<div class=\"brz-wrapper-clone__item\" id=\"nrabbkgwyzcucyshwvbsnncangfpuvpkyunb\">\n<div class=\"brz-icon__container\" data-brz-custom-id=\"nrabbkgwyzcucyshwvbsnncangfpuvpkyunb\"><a class=\"brz-a\" href=\"#\" target=\"_blank\" rel=\"noopener\" data-brz-link-type=\"external\"><span class=\"brz-icon brz-span brz-css-16o0805 brz-css-811ue7\"><\/span><\/a><\/div>\n<\/div>\n<div class=\"brz-wrapper-clone__item\" id=\"ubievcuebosbknriefyzwefvsdqamanlhpkw\">\n<div class=\"brz-icon__container\" data-brz-custom-id=\"ubievcuebosbknriefyzwefvsdqamanlhpkw\"><a class=\"brz-a\" href=\"#\" target=\"_blank\" rel=\"noopener\" data-brz-link-type=\"external\"><span class=\"brz-icon brz-span brz-css-16o0805 brz-css-1dcxjga\"><\/span><\/a><\/div>\n<\/div>\n<div class=\"brz-wrapper-clone__item\" id=\"xpuzvmfynsyfbiqqiuutjcedeuepacuaiebi\">\n<div class=\"brz-icon__container\" data-brz-custom-id=\"xpuzvmfynsyfbiqqiuutjcedeuepacuaiebi\"><a class=\"brz-a\" href=\"#\" target=\"_blank\" rel=\"noopener\" data-brz-link-type=\"external\"><span class=\"brz-icon brz-span brz-css-16o0805 brz-css-1k749f3\"><\/span><\/a><\/div>\n<\/div>\n<div class=\"brz-wrapper-clone__item\" id=\"jvdkarfslrxqxcdyppmksvpunupgfsdupkwl\">\n<div class=\"brz-icon__container\" data-brz-custom-id=\"jvdkarfslrxqxcdyppmksvpunupgfsdupkwl\"><a class=\"brz-a\" href=\"#\" target=\"_blank\" rel=\"noopener\" data-brz-link-type=\"external\"><span class=\"brz-icon brz-span brz-css-16o0805 brz-css-z3uqjt\"><\/span><\/a><\/div>\n<\/div>\n<\/div>\n<\/div>\n<\/div>\n<\/div>\n<\/div>\n<\/div>\n<div id=\"\" class=\"brz-css-cnnzqe brz-css-19n1dh7 brz-wrapper\">\n<div class=\"brz-line brz-line-default brz-css-mylqad brz-css-tb0lbo\" data-brz-custom-id=\"yjsipdskvcjtrlppzrfclvbfzewxqfuvrbbb\">\n<hr class=\"brz-hr\"><\/div>\n<\/div>\n<div class=\"brz-row__container brz-css-xstahr brz-css-xbmqm6\" data-brz-custom-id=\"gwuwqxctuhehdxucgnvjjogdwfesaykjtrov\">\n<div class=\"brz-bg\"><\/div>\n<div class=\"brz-row brz-css-79iptn brz-css-1i87z9o\">\n<div class=\"brz-columns brz-css-52mqwt brz-css-1rgh698\" data-brz-custom-id=\"veqblddmkhcrknmqjluzizuvurylqyftitwi\">\n<div class=\"brz-bg\"><\/div>\n<div class=\"brz-column__items brz-css-s9w54d brz-css-17wrwpe\">\n<div id=\"\" class=\"brz-css-cnnzqe brz-css-zshfz6 brz-wrapper\">\n<div class=\"brz-rich-text brz-rich-text__custom brz-css-6bpwid\" data-brz-custom-id=\"ehzsfomkfxwfwluspggoyjwrpejxenazzdcj\">\n<div data-brz-translate-text=\"1\">\n<p class=\"brz-text-xs-center brz-fss-lg-px brz-fw-lg-400 brz-ls-lg-0 brz-lh-lg-1_9 brz-tp-lg-empty brz-ff-roboto_slab brz-ft-google brz-fs-lg-16 brz-css-jAhKX\" data-generated-css=\"brz-css-rrzkh\" data-uniq-id=\"glrle\"><span class=\"brz-cp-color8\">\u00a9 copyright Planipets.com<\/span><\/p>\n<\/div>\n<\/div>\n<\/div>\n<\/div>\n<\/div>\n<div class=\"brz-columns brz-css-52mqwt brz-css-18l9g9\" data-brz-custom-id=\"qeresmjpuxwjbekimovwinlrigvlkjefecur\">\n<div class=\"brz-bg\"><\/div>\n<div class=\"brz-column__items brz-css-s9w54d brz-css-11yy9p\"><\/div>\n<\/div>\n<\/div>\n<\/div>\n<\/div>\n<\/footer>\n<\/div>\n<p>    <!-- version:1747226474 --><\/p>\n","protected":false},"excerpt":{"rendered":"<p>Contactez-nous Vous \u00eates*Humain d&rsquo;animauxProfessionnel du bien-\u00eatre animalPresse \/ Partenaire Envoyer Des animaux toujours \u00e0 l&rsquo;heure gr\u00e2ce \u00e0 Planipets Planipets est une plateforme de r\u00e9servations de rendez-vous principalement pour le bien-\u00eatre des animaux. Et pour les professionnels du bien-\u00eatre des animaux, Planipets est un logiciel de gestion animali\u00e8re, de r\u00e9f\u00e9rencement naturel et d&rsquo;optimisation des r\u00e9seaux sociaux.<\/p>\n","protected":false},"author":26,"featured_media":0,"parent":0,"menu_order":0,"comment_status":"closed","ping_status":"closed","template":"brizy-blank-template.php","meta":{"_crdt_document":"","footnotes":""},"class_list":["post-1898","page","type-page","status-publish"],"featured_image_src":null,"brizy_media":[{"id":2003,"url":"https:\/\/planipets.com\/blog\/wp-content\/uploads\/2023\/03\/cropped-logo-planipets-trans.png","name":"cropped-logo-planipets-trans.png","meta":{"brizy_attachment_uid":"wp-75e94b2e7d0761f719acf53734f4a03b.png","brizy_post_uid":["e2f8062469d94f5c5759c355cadbbff0","9002c8ab9baee67e568d58883b964532","e05c965cf9938326a68b6491e8a898f9","a5f573773da5e05d5690aa56b5557129"]}},{"id":2446,"url":"https:\/\/planipets.com\/blog\/wp-content\/uploads\/2023\/03\/Sans-titre-25.png","name":"Sans-titre-25.png","meta":{"brizy_attachment_uid":"wp-84d856441b7dee9e4f0f0aeba2b16664.png","brizy_post_uid":["9002c8ab9baee67e568d58883b964532"]}},{"id":65248,"url":"https:\/\/planipets.com\/blog\/wp-content\/uploads\/2025\/10\/logo-planipets-media.png","name":"logo-planipets-media.png","meta":{"brizy_attachment_uid":"wp-46984272b971fb459e00bbc01ba4388e.png","brizy_post_uid":["9002c8ab9baee67e568d58883b964532","e26b4ea17bec8aa690b89d4426d3ea4d","e05c965cf9938326a68b6491e8a898f9","0b25a7d71d7ef80b3d25473b88845790","7658fa7b98fb45780d0ecc291d25fcce"]}}],"_links":{"self":[{"href":"https:\/\/planipets.com\/blog\/wp-json\/wp\/v2\/pages\/1898","targetHints":{"allow":["GET"]}}],"collection":[{"href":"https:\/\/planipets.com\/blog\/wp-json\/wp\/v2\/pages"}],"about":[{"href":"https:\/\/planipets.com\/blog\/wp-json\/wp\/v2\/types\/page"}],"author":[{"embeddable":true,"href":"https:\/\/planipets.com\/blog\/wp-json\/wp\/v2\/users\/26"}],"replies":[{"embeddable":true,"href":"https:\/\/planipets.com\/blog\/wp-json\/wp\/v2\/comments?post=1898"}],"version-history":[{"count":0,"href":"https:\/\/planipets.com\/blog\/wp-json\/wp\/v2\/pages\/1898\/revisions"}],"wp:attachment":[{"href":"https:\/\/planipets.com\/blog\/wp-json\/wp\/v2\/media?parent=1898"}],"curies":[{"name":"wp","href":"https:\/\/api.w.org\/{rel}","templated":true}]}}